{"id":28369,"date":"2025-04-03T13:44:11","date_gmt":"2025-04-03T11:44:11","guid":{"rendered":"https:\/\/freeyourmindexperience.com\/defiant\/?page_id=28369"},"modified":"2025-07-10T12:06:37","modified_gmt":"2025-07-10T10:06:37","slug":"legal-notice","status":"publish","type":"page","link":"https:\/\/freeyourmindexperience.com\/en\/aviso-legal\/","title":{"rendered":"Legal notice"},"content":{"rendered":"<div data-elementor-type=\"wp-page\" data-elementor-id=\"28369\" class=\"elementor elementor-28369\" data-elementor-post-type=\"page\">\n\t\t\t\t<div class=\"elementor-element elementor-element-be22c39 e-flex e-con-boxed e-con e-parent\" data-id=\"be22c39\" data-element_type=\"container\" data-e-type=\"container\">\n\t\t\t\t\t<div class=\"e-con-inner\">\n\t\t\t\t<div class=\"elementor-element elementor-element-eed5d26 elementor-widget elementor-widget-heading\" data-id=\"eed5d26\" data-element_type=\"widget\" data-e-type=\"widget\" data-widget_type=\"heading.default\">\n\t\t\t\t\t<h2 class=\"elementor-heading-title elementor-size-default\">Legal notice and general conditions of use.\n<\/h2>\t\t\t\t<\/div>\n\t\t\t\t<div class=\"elementor-element elementor-element-c422932 elementor-widget elementor-widget-text-editor\" data-id=\"c422932\" data-element_type=\"widget\" data-e-type=\"widget\" data-widget_type=\"text-editor.default\">\n\t\t\t\t\t\t\t\t\t<p>I. GENERAL INFORMATION<\/p>\t\t\t\t\t\t\t\t<\/div>\n\t\t\t\t<div class=\"elementor-element elementor-element-30e2943 elementor-widget elementor-widget-text-editor\" data-id=\"30e2943\" data-element_type=\"widget\" data-e-type=\"widget\" data-widget_type=\"text-editor.default\">\n\t\t\t\t\t\t\t\t\t<p>In compliance with the obligation to provide information as stipulated in Law 34\/2002 on Information Society Services and Electronic Commerce (LSSI-CE) of 11 July, the following general information on this website is provided below:<\/p><p>The ownership of this website, https:\/\/freeyourmindexperience.com, (hereinafter Website) is held by: TANJA ROSENKRANZ, with NIF: X8916948D, and whose contact details are:<\/p><p>Contact email: info@freeyourmindexperience.com<\/p>\t\t\t\t\t\t\t\t<\/div>\n\t\t\t\t<div class=\"elementor-element elementor-element-6a6b593 elementor-widget elementor-widget-text-editor\" data-id=\"6a6b593\" data-element_type=\"widget\" data-e-type=\"widget\" data-widget_type=\"text-editor.default\">\n\t\t\t\t\t\t\t\t\t<p>II. GENERAL TERMS AND CONDITIONS OF USE<\/p>\t\t\t\t\t\t\t\t<\/div>\n\t\t\t\t<div class=\"elementor-element elementor-element-3e207ac elementor-widget elementor-widget-text-editor\" data-id=\"3e207ac\" data-element_type=\"widget\" data-e-type=\"widget\" data-widget_type=\"text-editor.default\">\n\t\t\t\t\t\t\t\t\t<p>The subject matter of the terms and conditions: The Website<\/p>\t\t\t\t\t\t\t\t<\/div>\n\t\t\t\t<div class=\"elementor-element elementor-element-bfa10fd elementor-widget elementor-widget-text-editor\" data-id=\"bfa10fd\" data-element_type=\"widget\" data-e-type=\"widget\" data-widget_type=\"text-editor.default\">\n\t\t\t\t\t\t\t\t\t<p>The purpose of these General Conditions of Use (hereinafter, Conditions) is to regulate access to and use of the Website. For the purposes of these Terms and Conditions, the Website shall be understood to mean: the external appearance of the screen interfaces, both static and dynamic, i.e. the navigation tree; and all the elements integrated both in the screen interfaces and in the navigation tree (hereinafter, Content) and all those online services or resources that may be offered to Users (hereinafter, Services).<\/p><p>TANJA ROSENKRANZ reserves the right to modify, at any time and without prior notice, the presentation and configuration of the Website and the Content and Services that may be incorporated therein. The User acknowledges and accepts that at any time TANJA ROSENKRANZ may interrupt, deactivate and\/or cancel any of these elements included in the Website or access to them.<\/p>\t\t\t\t\t\t\t\t<\/div>\n\t\t\t\t<div class=\"elementor-element elementor-element-f17a34e elementor-widget elementor-widget-text-editor\" data-id=\"f17a34e\" data-element_type=\"widget\" data-e-type=\"widget\" data-widget_type=\"text-editor.default\">\n\t\t\t\t\t\t\t\t\t<p>The User<\/p>\t\t\t\t\t\t\t\t<\/div>\n\t\t\t\t<div class=\"elementor-element elementor-element-4184041 elementor-widget elementor-widget-text-editor\" data-id=\"4184041\" data-element_type=\"widget\" data-e-type=\"widget\" data-widget_type=\"text-editor.default\">\n\t\t\t\t\t\t\t\t\t<p>Access, browsing and use of the Website confers the condition of User, and therefore, from the moment browsing the Website begins, the User accepts all the Conditions established herein, as well as any subsequent modifications, without prejudice to the application of the corresponding legal regulations that must be complied with as the case may be. Given the relevance of the above, the User is recommended to read them every time he\/she visits the Website.<\/p><p>The TANJA ROSENKRANZ Website provides a wide range of information, services and data. The User assumes responsibility for the correct use of the Website. This responsibility extends to:<\/p><ul><li>Any use of the information, Contents and\/or Services and data offered by TANJA ROSENKRANZ that is contrary to the provisions of these Conditions, the Law, morality or public order, or that in any other way may be detrimental to the rights of third parties or to the operation of the Website.<\/li><li>The truthfulness and legality of the information provided by the User on the forms provided by TANJA ROSENKRANZ for access to certain Contents or Services offered by the Website. In any case, the User will immediately notify TANJA ROSENKRANZ of any event that allows the improper use of the information registered on these forms, such as, but not limited to, theft, loss, or unauthorised access to identifiers and\/or passwords, in order to proceed to their immediate cancellation.<\/li><\/ul><div>\u00a0<\/div><p>Mere access to this Website does not imply any kind of commercial relationship between TANJA ROSENKRANZ and the User.<\/p>\t\t\t\t\t\t\t\t<\/div>\n\t\t\t\t<div class=\"elementor-element elementor-element-0e13d57 elementor-widget elementor-widget-text-editor\" data-id=\"0e13d57\" data-element_type=\"widget\" data-e-type=\"widget\" data-widget_type=\"text-editor.default\">\n\t\t\t\t\t\t\t\t\t<p>III. ACCESS AND NAVIGATION ON THE WEBSITE: EXCLUSION OF WARRANTIES AND LIABILITY<\/p>\t\t\t\t\t\t\t\t<\/div>\n\t\t\t\t<div class=\"elementor-element elementor-element-e4df035 elementor-widget elementor-widget-text-editor\" data-id=\"e4df035\" data-element_type=\"widget\" data-e-type=\"widget\" data-widget_type=\"text-editor.default\">\n\t\t\t\t\t\t\t\t\t<p>TANJA ROSENKRANZ does not guarantee the continuity, availability and usefulness of the Website, or of the Content or Services. TANJA ROSENKRANZ will make every effort to ensure the proper functioning of the Website, however, it is not responsible for and does not guarantee that access to this Website will be uninterrupted or error-free.<\/p><p>TANJA ROSENKRANZ is not responsible for or guarantees that the content or software that can be accessed through this Website is free of error or causes damage to the User's computer system (software and hardware). Under no circumstances shall TANJA ROSENKRANZ be liable for any loss, damage or harm of any kind arising from accessing, browsing and using the Website, including, but not limited to, those caused to computer systems or those caused by the introduction of viruses.<\/p><p>TANJA ROSENKRANZ also accepts no liability for any damage that may be caused to users through improper use of this Website. In particular, TANJA ROSENKRANZ shall not be liable in any way whatsoever for any telecommunications failures, interruptions, faults or defects that may occur.<\/p>\t\t\t\t\t\t\t\t<\/div>\n\t\t\t\t<div class=\"elementor-element elementor-element-e808160 elementor-widget elementor-widget-text-editor\" data-id=\"e808160\" data-element_type=\"widget\" data-e-type=\"widget\" data-widget_type=\"text-editor.default\">\n\t\t\t\t\t\t\t\t\t<p>IV. LINKING POLICY<\/p>\t\t\t\t\t\t\t\t<\/div>\n\t\t\t\t<div class=\"elementor-element elementor-element-f9b1d1e elementor-widget elementor-widget-text-editor\" data-id=\"f9b1d1e\" data-element_type=\"widget\" data-e-type=\"widget\" data-widget_type=\"text-editor.default\">\n\t\t\t\t\t\t\t\t\t<p>TANJA ROSENKRANZ does not itself or through third parties offer or market the products and\/or services available on such linked sites.<\/p><p>The User or third party who makes a hyperlink from a web page of another, different, website to the TANJA ROSENKRANZ Website should be aware that:<\/p><p>None of the Content and\/or Services of the Website may be reproduced, in whole or in part, without the express permission of TANJA ROSENKRANZ.<\/p><p>No false, inaccurate or incorrect representations about the TANJA ROSENKRANZ Website or the Content and\/or Services are permitted.<\/p><p>With the exception of the hyperlink, the website on which the hyperlink is established shall not contain any element of this Website that is protected as intellectual property by Spanish law, unless expressly authorised by TANJA ROSENKRANZ.<\/p><p>The establishment of a hyperlink does not imply the existence of a relationship between TANJA ROSENKRANZ and the owner of the website from which it is established, nor the knowledge and acceptance by TANJA ROSENKRANZ of the contents, services and\/or activities offered on said website, and vice versa.<\/p>\t\t\t\t\t\t\t\t<\/div>\n\t\t\t\t<div class=\"elementor-element elementor-element-fcec81d elementor-widget elementor-widget-text-editor\" data-id=\"fcec81d\" data-element_type=\"widget\" data-e-type=\"widget\" data-widget_type=\"text-editor.default\">\n\t\t\t\t\t\t\t\t\t<p>V. INTELLECTUAL AND INDUSTRIAL PROPERTY<\/p>\t\t\t\t\t\t\t\t<\/div>\n\t\t\t\t<div class=\"elementor-element elementor-element-693de6d elementor-widget elementor-widget-text-editor\" data-id=\"693de6d\" data-element_type=\"widget\" data-e-type=\"widget\" data-widget_type=\"text-editor.default\">\n\t\t\t\t\t\t\t\t\t<p>TANJA ROSENKRANZ itself or as an assignee, is the owner of all intellectual and industrial property rights of the Website, as well as of the elements contained therein (including but not limited to images, sound, audio, video, software or texts, trademarks or logos, colour combinations, structure and design, selection of materials used, computer programs necessary for its operation, access and use, etc.). They are, therefore, works protected as intellectual property by the Spanish legal system, being applicable to them both the Spanish and Community regulations in this field, as well as the international treaties relating to the matter and signed by Spain.<\/p><p>All rights reserved. In accordance with the provisions of the Intellectual Property Law, the reproduction, distribution and public communication, including making available, of all or part of the contents of this website, for commercial purposes, in any medium and by any technical means, without the authorisation of TANJA ROSENKRANZ, are expressly prohibited.<\/p><p>The User undertakes to respect the intellectual and industrial property rights of TANJA ROSENKRANZ. You may view the elements of the Website or even print, copy and store them on the hard drive of your computer or on any other physical medium provided that it is exclusively for your personal use. The User, however, may not remove, alter or manipulate any protection device or security system installed on the Website.<\/p><p>In the event that the User or third party considers that any of the Contents of the Website involves a violation of the rights of protection of intellectual property, he\/she should immediately inform TANJA ROSENKRANZ via the contact details in the GENERAL INFORMATION section of this Legal Notice and General Conditions of Use.<\/p>\t\t\t\t\t\t\t\t<\/div>\n\t\t\t\t<div class=\"elementor-element elementor-element-416257a elementor-widget elementor-widget-text-editor\" data-id=\"416257a\" data-element_type=\"widget\" data-e-type=\"widget\" data-widget_type=\"text-editor.default\">\n\t\t\t\t\t\t\t\t\t<p>VI. LEGAL ACTIONS, APPLICABLE LAW AND JURISDICTION<\/p>\t\t\t\t\t\t\t\t<\/div>\n\t\t\t\t<div class=\"elementor-element elementor-element-201ab21 elementor-widget elementor-widget-text-editor\" data-id=\"201ab21\" data-element_type=\"widget\" data-e-type=\"widget\" data-widget_type=\"text-editor.default\">\n\t\t\t\t\t\t\t\t\t<p>TANJA ROSENKRANZ reserves the right to take any civil or criminal action it deems necessary for improper use of the Website and its Contents, or for breach of these Conditions.<\/p><p>The relationship between the User and TANJA ROSENKRANZ will be governed by the regulations in force and applicable in Spanish territory. Should any dispute arise in relation to the interpretation and\/or application of these Conditions, the parties will submit their disputes to the ordinary jurisdiction, submitting themselves to the judges and courts that correspond according to law.<\/p><p>This Legal Notice and General Terms and Conditions of Use document was created using the online Legal Notice and Terms of Use template generator on 16\/07\/2021.<\/p>\t\t\t\t\t\t\t\t<\/div>\n\t\t\t\t\t<\/div>\n\t\t\t\t<\/div>\n\t\t\t\t<\/div>","protected":false},"excerpt":{"rendered":"<p>Aviso legal y condiciones generales de uso. I. INFORMACI\u00d3N GENERAL En cumplimiento con el deber de informaci\u00f3n dispuesto en la Ley 34\/2002 de Servicios de la Sociedad de la Informaci\u00f3n y el Comercio Electr\u00f3nico (LSSI-CE) de 11 de julio, se facilitan a continuaci\u00f3n los siguientes datos de informaci\u00f3n general de este sitio web: La titularidad [&hellip;]<\/p>\n","protected":false},"author":57,"featured_media":0,"parent":0,"menu_order":0,"comment_status":"closed","ping_status":"closed","template":"","meta":{"footnotes":""},"class_list":["post-28369","page","type-page","status-publish","hentry"],"yoast_head":"<!-- This site is optimized with the Yoast SEO plugin v27.4 - https:\/\/yoast.com\/product\/yoast-seo-wordpress\/ -->\n<title>Aviso legal - Free your Mind - Kitesurfing school - MICE events<\/title>\n<meta name=\"robots\" content=\"noindex, nofollow\" \/>\n<meta property=\"og:locale\" content=\"en_GB\" \/>\n<meta property=\"og:type\" content=\"article\" \/>\n<meta property=\"og:title\" content=\"Aviso legal - Free your Mind - Kitesurfing school - MICE events\" \/>\n<meta property=\"og:description\" content=\"Aviso legal y condiciones generales de uso. I. INFORMACI\u00d3N GENERAL En cumplimiento con el deber de informaci\u00f3n dispuesto en la Ley 34\/2002 de Servicios de la Sociedad de la Informaci\u00f3n y el Comercio Electr\u00f3nico (LSSI-CE) de 11 de julio, se facilitan a continuaci\u00f3n los siguientes datos de informaci\u00f3n general de este sitio web: La titularidad [&hellip;]\" \/>\n<meta property=\"og:url\" content=\"https:\/\/freeyourmindexperience.com\/en\/legal-notice\/\" \/>\n<meta property=\"og:site_name\" content=\"Free your Mind - Kitesurfing school - MICE events\" \/>\n<meta property=\"article:modified_time\" content=\"2025-07-10T10:06:37+00:00\" \/>\n<meta name=\"twitter:card\" content=\"summary_large_image\" \/>\n<meta name=\"twitter:label1\" content=\"Estimated reading time\" \/>\n\t<meta name=\"twitter:data1\" content=\"6 minutes\" \/>\n<script type=\"application\/ld+json\" class=\"yoast-schema-graph\">{\"@context\":\"https:\\\/\\\/schema.org\",\"@graph\":[{\"@type\":\"WebPage\",\"@id\":\"https:\\\/\\\/freeyourmindexperience.com\\\/aviso-legal\\\/\",\"url\":\"https:\\\/\\\/freeyourmindexperience.com\\\/aviso-legal\\\/\",\"name\":\"Aviso legal - Free your Mind - Kitesurfing school - MICE events\",\"isPartOf\":{\"@id\":\"https:\\\/\\\/freeyourmindexperience.com\\\/#website\"},\"datePublished\":\"2025-04-03T11:44:11+00:00\",\"dateModified\":\"2025-07-10T10:06:37+00:00\",\"breadcrumb\":{\"@id\":\"https:\\\/\\\/freeyourmindexperience.com\\\/aviso-legal\\\/#breadcrumb\"},\"inLanguage\":\"en-GB\",\"potentialAction\":[{\"@type\":\"ReadAction\",\"target\":[\"https:\\\/\\\/freeyourmindexperience.com\\\/aviso-legal\\\/\"]}]},{\"@type\":\"BreadcrumbList\",\"@id\":\"https:\\\/\\\/freeyourmindexperience.com\\\/aviso-legal\\\/#breadcrumb\",\"itemListElement\":[{\"@type\":\"ListItem\",\"position\":1,\"name\":\"Home\",\"item\":\"https:\\\/\\\/freeyourmindexperience.com\\\/en\\\/\"},{\"@type\":\"ListItem\",\"position\":2,\"name\":\"Aviso legal\"}]},{\"@type\":\"WebSite\",\"@id\":\"https:\\\/\\\/freeyourmindexperience.com\\\/#website\",\"url\":\"https:\\\/\\\/freeyourmindexperience.com\\\/\",\"name\":\"Free your Mind - Kitesurfing school - MICE events\",\"description\":\"kitesurf surf mice kitesurf school\",\"publisher\":{\"@id\":\"https:\\\/\\\/freeyourmindexperience.com\\\/#organization\"},\"potentialAction\":[{\"@type\":\"SearchAction\",\"target\":{\"@type\":\"EntryPoint\",\"urlTemplate\":\"https:\\\/\\\/freeyourmindexperience.com\\\/?s={search_term_string}\"},\"query-input\":{\"@type\":\"PropertyValueSpecification\",\"valueRequired\":true,\"valueName\":\"search_term_string\"}}],\"inLanguage\":\"en-GB\"},{\"@type\":\"Organization\",\"@id\":\"https:\\\/\\\/freeyourmindexperience.com\\\/#organization\",\"name\":\"Free your Mind\",\"url\":\"https:\\\/\\\/freeyourmindexperience.com\\\/\",\"logo\":{\"@type\":\"ImageObject\",\"inLanguage\":\"en-GB\",\"@id\":\"https:\\\/\\\/freeyourmindexperience.com\\\/#\\\/schema\\\/logo\\\/image\\\/\",\"url\":\"https:\\\/\\\/freeyourmindexperience.com\\\/wp-content\\\/uploads\\\/Logo_FyM_Tarifa_no_URLgood-1.png\",\"contentUrl\":\"https:\\\/\\\/freeyourmindexperience.com\\\/wp-content\\\/uploads\\\/Logo_FyM_Tarifa_no_URLgood-1.png\",\"width\":512,\"height\":512,\"caption\":\"Free your Mind\"},\"image\":{\"@id\":\"https:\\\/\\\/freeyourmindexperience.com\\\/#\\\/schema\\\/logo\\\/image\\\/\"}}]}<\/script>\n<!-- \/ Yoast SEO plugin. -->","yoast_head_json":{"title":"Legal notice - Free your Mind - Kitesurfing school - MICE events","robots":{"index":"noindex","follow":"nofollow"},"og_locale":"en_GB","og_type":"article","og_title":"Aviso legal - Free your Mind - Kitesurfing school - MICE events","og_description":"Aviso legal y condiciones generales de uso. I. INFORMACI\u00d3N GENERAL En cumplimiento con el deber de informaci\u00f3n dispuesto en la Ley 34\/2002 de Servicios de la Sociedad de la Informaci\u00f3n y el Comercio Electr\u00f3nico (LSSI-CE) de 11 de julio, se facilitan a continuaci\u00f3n los siguientes datos de informaci\u00f3n general de este sitio web: La titularidad [&hellip;]","og_url":"https:\/\/freeyourmindexperience.com\/en\/legal-notice\/","og_site_name":"Free your Mind - Kitesurfing school - MICE events","article_modified_time":"2025-07-10T10:06:37+00:00","twitter_card":"summary_large_image","twitter_misc":{"Estimated reading time":"6 minutes"},"schema":{"@context":"https:\/\/schema.org","@graph":[{"@type":"WebPage","@id":"https:\/\/freeyourmindexperience.com\/aviso-legal\/","url":"https:\/\/freeyourmindexperience.com\/aviso-legal\/","name":"Legal notice - Free your Mind - Kitesurfing school - MICE events","isPartOf":{"@id":"https:\/\/freeyourmindexperience.com\/#website"},"datePublished":"2025-04-03T11:44:11+00:00","dateModified":"2025-07-10T10:06:37+00:00","breadcrumb":{"@id":"https:\/\/freeyourmindexperience.com\/aviso-legal\/#breadcrumb"},"inLanguage":"en-GB","potentialAction":[{"@type":"ReadAction","target":["https:\/\/freeyourmindexperience.com\/aviso-legal\/"]}]},{"@type":"BreadcrumbList","@id":"https:\/\/freeyourmindexperience.com\/aviso-legal\/#breadcrumb","itemListElement":[{"@type":"ListItem","position":1,"name":"Home","item":"https:\/\/freeyourmindexperience.com\/en\/"},{"@type":"ListItem","position":2,"name":"Aviso legal"}]},{"@type":"WebSite","@id":"https:\/\/freeyourmindexperience.com\/#website","url":"https:\/\/freeyourmindexperience.com\/","name":"Free your Mind - Kitesurfing school - MICE events","description":"kitesurf surf mice kitesurf school","publisher":{"@id":"https:\/\/freeyourmindexperience.com\/#organization"},"potentialAction":[{"@type":"SearchAction","target":{"@type":"EntryPoint","urlTemplate":"https:\/\/freeyourmindexperience.com\/?s={search_term_string}"},"query-input":{"@type":"PropertyValueSpecification","valueRequired":true,"valueName":"search_term_string"}}],"inLanguage":"en-GB"},{"@type":"Organization","@id":"https:\/\/freeyourmindexperience.com\/#organization","name":"Free Your Mind","url":"https:\/\/freeyourmindexperience.com\/","logo":{"@type":"ImageObject","inLanguage":"en-GB","@id":"https:\/\/freeyourmindexperience.com\/#\/schema\/logo\/image\/","url":"https:\/\/freeyourmindexperience.com\/wp-content\/uploads\/Logo_FyM_Tarifa_no_URLgood-1.png","contentUrl":"https:\/\/freeyourmindexperience.com\/wp-content\/uploads\/Logo_FyM_Tarifa_no_URLgood-1.png","width":512,"height":512,"caption":"Free your Mind"},"image":{"@id":"https:\/\/freeyourmindexperience.com\/#\/schema\/logo\/image\/"}}]}},"_links":{"self":[{"href":"https:\/\/freeyourmindexperience.com\/en\/wp-json\/wp\/v2\/pages\/28369","targetHints":{"allow":["GET"]}}],"collection":[{"href":"https:\/\/freeyourmindexperience.com\/en\/wp-json\/wp\/v2\/pages"}],"about":[{"href":"https:\/\/freeyourmindexperience.com\/en\/wp-json\/wp\/v2\/types\/page"}],"author":[{"embeddable":true,"href":"https:\/\/freeyourmindexperience.com\/en\/wp-json\/wp\/v2\/users\/57"}],"replies":[{"embeddable":true,"href":"https:\/\/freeyourmindexperience.com\/en\/wp-json\/wp\/v2\/comments?post=28369"}],"version-history":[{"count":2,"href":"https:\/\/freeyourmindexperience.com\/en\/wp-json\/wp\/v2\/pages\/28369\/revisions"}],"predecessor-version":[{"id":28635,"href":"https:\/\/freeyourmindexperience.com\/en\/wp-json\/wp\/v2\/pages\/28369\/revisions\/28635"}],"wp:attachment":[{"href":"https:\/\/freeyourmindexperience.com\/en\/wp-json\/wp\/v2\/media?parent=28369"}],"curies":[{"name":"wp","href":"https:\/\/api.w.org\/{rel}","templated":true}]}}