{"id":28369,"date":"2025-04-03T13:44:11","date_gmt":"2025-04-03T11:44:11","guid":{"rendered":"https:\/\/freeyourmindexperience.com\/defiant\/?page_id=28369"},"modified":"2025-07-10T12:06:37","modified_gmt":"2025-07-10T10:06:37","slug":"impressum-2","status":"publish","type":"page","link":"https:\/\/freeyourmindexperience.com\/de\/aviso-legal\/","title":{"rendered":"Rechtlicher Hinweis"},"content":{"rendered":"<div data-elementor-type=\"wp-page\" data-elementor-id=\"28369\" class=\"elementor elementor-28369\" data-elementor-post-type=\"page\">\n\t\t\t\t<div class=\"elementor-element elementor-element-be22c39 e-flex e-con-boxed e-con e-parent\" data-id=\"be22c39\" data-element_type=\"container\" data-e-type=\"container\">\n\t\t\t\t\t<div class=\"e-con-inner\">\n\t\t\t\t<div class=\"elementor-element elementor-element-eed5d26 elementor-widget elementor-widget-heading\" data-id=\"eed5d26\" data-element_type=\"widget\" data-e-type=\"widget\" data-widget_type=\"heading.default\">\n\t\t\t\t\t<h2 class=\"elementor-heading-title elementor-size-default\">Rechtliche Hinweise und allgemeine Nutzungsbedingungen.\n<\/h2>\t\t\t\t<\/div>\n\t\t\t\t<div class=\"elementor-element elementor-element-c422932 elementor-widget elementor-widget-text-editor\" data-id=\"c422932\" data-element_type=\"widget\" data-e-type=\"widget\" data-widget_type=\"text-editor.default\">\n\t\t\t\t\t\t\t\t\t<p>I. ALLGEMEINE INFORMATIONEN<\/p>\t\t\t\t\t\t\t\t<\/div>\n\t\t\t\t<div class=\"elementor-element elementor-element-30e2943 elementor-widget elementor-widget-text-editor\" data-id=\"30e2943\" data-element_type=\"widget\" data-e-type=\"widget\" data-widget_type=\"text-editor.default\">\n\t\t\t\t\t\t\t\t\t<p>In Erf\u00fcllung der Informationspflicht gem\u00e4\u00df Gesetz 34\/2002 \u00fcber Dienste der Informationsgesellschaft und elektronischen Handel (LSSI-CE) vom 11. Juli werden nachfolgend die folgenden allgemeinen Informationen zu dieser Website bereitgestellt:<\/p><p>Das Eigentum an dieser Website, https:\/\/freeyourmindexperience.com, (im Folgenden \u201eWebsite\u201c) liegt bei: TANJA ROSENKRANZ, mit NIF: X8916948D, und deren Kontaktdaten lauten:<\/p><p>E-Mail-Kontakt: info@freeyourmindexperience.com<\/p>\t\t\t\t\t\t\t\t<\/div>\n\t\t\t\t<div class=\"elementor-element elementor-element-6a6b593 elementor-widget elementor-widget-text-editor\" data-id=\"6a6b593\" data-element_type=\"widget\" data-e-type=\"widget\" data-widget_type=\"text-editor.default\">\n\t\t\t\t\t\t\t\t\t<p>II. ALLGEMEINE NUTZUNGSBEDINGUNGEN<\/p>\t\t\t\t\t\t\t\t<\/div>\n\t\t\t\t<div class=\"elementor-element elementor-element-3e207ac elementor-widget elementor-widget-text-editor\" data-id=\"3e207ac\" data-element_type=\"widget\" data-e-type=\"widget\" data-widget_type=\"text-editor.default\">\n\t\t\t\t\t\t\t\t\t<p>Der Zweck der Bedingungen: Die Website<\/p>\t\t\t\t\t\t\t\t<\/div>\n\t\t\t\t<div class=\"elementor-element elementor-element-bfa10fd elementor-widget elementor-widget-text-editor\" data-id=\"bfa10fd\" data-element_type=\"widget\" data-e-type=\"widget\" data-widget_type=\"text-editor.default\">\n\t\t\t\t\t\t\t\t\t<p>Der Zweck dieser Allgemeinen Nutzungsbedingungen (nachfolgend \u201eBedingungen\u201c) besteht darin, den Zugang zur Website und ihre Nutzung zu regeln. F\u00fcr die Zwecke dieser Bedingungen wird unter der Website Folgendes verstanden: das \u00e4u\u00dfere Erscheinungsbild der Bildschirmoberfl\u00e4chen, sowohl statisch als auch dynamisch, d. h. der Navigationsbaum; und alle in die Bildschirmoberfl\u00e4chen und den Navigationsbaum integrierten Elemente (nachfolgend \u201eInhalte\u201c) sowie alle Onlinedienste oder -ressourcen, die den Benutzern angeboten werden (nachfolgend \u201eDienste\u201c).<\/p><p>TANJA ROSENKRANZ beh\u00e4lt sich das Recht vor, die Darstellung und Konfiguration der Website sowie der darin enthaltenen Inhalte und Dienste jederzeit und ohne vorherige Ank\u00fcndigung zu \u00e4ndern. Der Benutzer erkennt an und akzeptiert, dass TANJA ROSENKRANZ jederzeit alle in die Website integrierten Elemente oder den Zugriff darauf unterbrechen, deaktivieren und\/oder l\u00f6schen kann.<\/p>\t\t\t\t\t\t\t\t<\/div>\n\t\t\t\t<div class=\"elementor-element elementor-element-f17a34e elementor-widget elementor-widget-text-editor\" data-id=\"f17a34e\" data-element_type=\"widget\" data-e-type=\"widget\" data-widget_type=\"text-editor.default\">\n\t\t\t\t\t\t\t\t\t<p>Der Benutzer<\/p>\t\t\t\t\t\t\t\t<\/div>\n\t\t\t\t<div class=\"elementor-element elementor-element-4184041 elementor-widget elementor-widget-text-editor\" data-id=\"4184041\" data-element_type=\"widget\" data-e-type=\"widget\" data-widget_type=\"text-editor.default\">\n\t\t\t\t\t\t\t\t\t<p>Durch den Zugriff auf die Website, das Durchsuchen und die Nutzung der Website werden Sie zum Benutzer. Daher akzeptieren Sie ab dem Zeitpunkt, an dem Sie mit dem Durchsuchen der Website beginnen, alle hierin festgelegten Bedingungen sowie alle sp\u00e4teren \u00c4nderungen, unbeschadet der Anwendung der entsprechenden zwingenden gesetzlichen Bestimmungen, sofern anwendbar. Angesichts der Relevanz der oben genannten Punkte wird dem Benutzer empfohlen, diese bei jedem Besuch der Website zu lesen.<\/p><p>Die TANJA ROSENKRANZ-Website bietet eine Vielzahl von Informationen, Diensten und Daten. Der Benutzer \u00fcbernimmt die Verantwortung f\u00fcr die korrekte Nutzung der Website. Diese Verantwortung erstreckt sich auf:<\/p><ul><li>Jegliche Nutzung der von TANJA ROSENKRANZ angebotenen Informationen, Inhalte und\/oder Dienste und Daten, die nicht gegen die Bestimmungen dieser Bedingungen, das Gesetz, die Moral oder die \u00f6ffentliche Ordnung verst\u00f6\u00dft oder auf andere Weise eine Verletzung der Rechte Dritter oder des Betriebs der Website selbst bedeuten kann.<\/li><li>Die Richtigkeit und Rechtm\u00e4\u00dfigkeit der vom Benutzer in den von TANJA ROSENKRANZ bereitgestellten Formularen f\u00fcr den Zugriff auf bestimmte von der Website angebotene Inhalte oder Dienste bereitgestellten Informationen. In jedem Fall muss der Benutzer TANJA ROSENKRANZ unverz\u00fcglich \u00fcber alle Ereignisse informieren, die zu einem Missbrauch der in den Formularen erfassten Informationen f\u00fchren k\u00f6nnen, wie beispielsweise, aber nicht beschr\u00e4nkt auf, Diebstahl, Verlust oder unbefugten Zugriff auf Kennungen und\/oder Passw\u00f6rter, um deren sofortige L\u00f6schung zu veranlassen.<\/li><\/ul><div>\u00a0<\/div><p>Durch den blo\u00dfen Zugriff auf diese Website kommt keinerlei Gesch\u00e4ftsbeziehung zwischen TANJA ROSENKRANZ und dem Nutzer zustande.<\/p>\t\t\t\t\t\t\t\t<\/div>\n\t\t\t\t<div class=\"elementor-element elementor-element-0e13d57 elementor-widget elementor-widget-text-editor\" data-id=\"0e13d57\" data-element_type=\"widget\" data-e-type=\"widget\" data-widget_type=\"text-editor.default\">\n\t\t\t\t\t\t\t\t\t<p>III. ZUGRIFF UND NAVIGATION AUF DER WEBSITE: AUSSCHLUSS VON GARANTIEN UND HAFTUNG<\/p>\t\t\t\t\t\t\t\t<\/div>\n\t\t\t\t<div class=\"elementor-element elementor-element-e4df035 elementor-widget elementor-widget-text-editor\" data-id=\"e4df035\" data-element_type=\"widget\" data-e-type=\"widget\" data-widget_type=\"text-editor.default\">\n\t\t\t\t\t\t\t\t\t<p>TANJA ROSENKRANZ \u00fcbernimmt keine Garantie f\u00fcr die Kontinuit\u00e4t, Verf\u00fcgbarkeit und N\u00fctzlichkeit der Website, der Inhalte oder Dienste. TANJA ROSENKRANZ wird alles M\u00f6gliche tun, um das ordnungsgem\u00e4\u00dfe Funktionieren der Website sicherzustellen; Sie \u00fcbernimmt jedoch weder Verantwortung noch Garantie daf\u00fcr, dass der Zugriff auf diese Website ohne Unterbrechungen oder fehlerfrei erfolgt.<\/p><p>Sie \u00fcbernimmt auch keine Verantwortung oder Garantie daf\u00fcr, dass die Inhalte oder Software, auf die \u00fcber diese Website zugegriffen werden kann, fehlerfrei sind oder Sch\u00e4den am Computersystem (Software und Hardware) des Benutzers verursachen. Unter keinen Umst\u00e4nden haftet TANJA ROSENKRANZ f\u00fcr Verluste, Sch\u00e4den oder Nachteile jeglicher Art, die sich aus dem Zugriff auf die Website, dem Durchsuchen der Website oder der Verwendung der Website ergeben, einschlie\u00dflich, aber nicht beschr\u00e4nkt auf Sch\u00e4den an Computersystemen oder die Einf\u00fchrung von Viren.<\/p><p>TANJA ROSENKRANZ ist au\u00dferdem nicht f\u00fcr Sch\u00e4den verantwortlich, die den Benutzern durch unsachgem\u00e4\u00dfe Nutzung dieser Website entstehen. Insbesondere ist sie in keiner Weise f\u00fcr eventuell auftretende Ausf\u00e4lle, Unterbrechungen, St\u00f6rungen oder Defekte im Telekommunikationsbereich verantwortlich.<\/p>\t\t\t\t\t\t\t\t<\/div>\n\t\t\t\t<div class=\"elementor-element elementor-element-e808160 elementor-widget elementor-widget-text-editor\" data-id=\"e808160\" data-element_type=\"widget\" data-e-type=\"widget\" data-widget_type=\"text-editor.default\">\n\t\t\t\t\t\t\t\t\t<p>IV. LINKS-RICHTLINIE<\/p>\t\t\t\t\t\t\t\t<\/div>\n\t\t\t\t<div class=\"elementor-element elementor-element-f9b1d1e elementor-widget elementor-widget-text-editor\" data-id=\"f9b1d1e\" data-element_type=\"widget\" data-e-type=\"widget\" data-widget_type=\"text-editor.default\">\n\t\t\t\t\t\t\t\t\t<p>TANJA ROSENKRANZ bietet oder vermarktet die auf solchen verlinkten Websites verf\u00fcgbaren Produkte und\/oder Dienstleistungen weder direkt noch \u00fcber Dritte.<\/p><p>Der Benutzer oder Dritte, der einen Hyperlink von einer Webseite einer anderen, unterschiedlichen Website zur TANJA ROSENKRANZ-Website erstellt, sollte sich bewusst sein, dass:<\/p><p>Die vollst\u00e4ndige oder teilweise Reproduktion von Inhalten und\/oder Diensten der Website ist ohne die ausdr\u00fcckliche Genehmigung von TANJA ROSENKRANZ untersagt.<\/p><p>Jegliche falschen, ungenauen oder fehlerhaften Angaben \u00fcber die TANJA ROSENKRANZ-Website oder deren Inhalte und\/oder Dienste sind ebenfalls verboten.<\/p><p>Mit Ausnahme des Hyperlinks darf die Website, auf der der Hyperlink eingerichtet ist, kein Element dieser Website enthalten, das durch spanisches Recht als geistiges Eigentum gesch\u00fctzt ist, es sei denn, TANJA ROSENKRANZ hat dies ausdr\u00fccklich genehmigt.<\/p><p>Die Einrichtung eines Hyperlinks impliziert weder das Bestehen einer Beziehung zwischen TANJA ROSENKRANZ und dem Eigent\u00fcmer der Website, von der aus er erstellt wurde, noch bedeutet sie, dass TANJA ROSENKRANZ die auf der besagten Website angebotenen Inhalte, Dienste und\/oder Aktivit\u00e4ten kennt und akzeptiert und umgekehrt.<\/p>\t\t\t\t\t\t\t\t<\/div>\n\t\t\t\t<div class=\"elementor-element elementor-element-fcec81d elementor-widget elementor-widget-text-editor\" data-id=\"fcec81d\" data-element_type=\"widget\" data-e-type=\"widget\" data-widget_type=\"text-editor.default\">\n\t\t\t\t\t\t\t\t\t<p>V. GEISTIGES UND GEWERBLICHES EIGENTUM<\/p>\t\t\t\t\t\t\t\t<\/div>\n\t\t\t\t<div class=\"elementor-element elementor-element-693de6d elementor-widget elementor-widget-text-editor\" data-id=\"693de6d\" data-element_type=\"widget\" data-e-type=\"widget\" data-widget_type=\"text-editor.default\">\n\t\t\t\t\t\t\t\t\t<p>TANJA ROSENKRANZ ist entweder selbst oder als Zessionarin Eigent\u00fcmerin aller geistigen und gewerblichen Eigentumsrechte an der Website sowie an den darin enthaltenen Elementen (einschlie\u00dflich, aber nicht beschr\u00e4nkt auf Bilder, Ton, Audio, Video, Software oder Texte, Marken oder Logos, Farbkombinationen, Struktur und Design, Auswahl der verwendeten Materialien, f\u00fcr deren Betrieb, Zugriff und Nutzung erforderliche Computerprogramme usw.). Es handelt sich daher um Werke, die durch das spanische Rechtssystem als geistiges Eigentum gesch\u00fctzt sind und auf die sowohl die spanischen und europ\u00e4ischen Vorschriften in diesem Bereich als auch die von Spanien unterzeichneten internationalen Vertr\u00e4ge zu diesem Thema Anwendung finden.<\/p><p>Alle Rechte vorbehalten. Gem\u00e4\u00df den Bestimmungen des Gesetzes zum Schutz des geistigen Eigentums ist die Vervielf\u00e4ltigung, Verbreitung und \u00f6ffentliche Wiedergabe, einschlie\u00dflich der Bereitstellung des gesamten oder eines Teils des Inhalts dieser Website, zu kommerziellen Zwecken auf jedem Medium und mit jedem technischen Mittel ohne die Genehmigung von TANJA ROSENKRANZ ausdr\u00fccklich untersagt.<\/p><p>Der Nutzer verpflichtet sich, die geistigen und gewerblichen Eigentumsrechte von TANJA ROSENKRANZ zu respektieren. Sie d\u00fcrfen die Elemente der Website ansehen oder sie sogar ausdrucken, kopieren und auf der Festplatte Ihres Computers oder einem anderen physischen Medium speichern, vorausgesetzt, dass dies ausschlie\u00dflich f\u00fcr Ihren pers\u00f6nlichen Gebrauch geschieht. Dem Benutzer ist es jedoch nicht gestattet, auf der Website installierte Schutzvorrichtungen oder Sicherheitssysteme zu l\u00f6schen, zu ver\u00e4ndern oder zu manipulieren.<\/p><p>Wenn der Benutzer oder ein Dritter der Ansicht ist, dass ein Inhalt der Website eine Verletzung geistiger Eigentumsrechte darstellt, muss er TANJA ROSENKRANZ unverz\u00fcglich unter Verwendung der Kontaktinformationen im Abschnitt \u201eALLGEMEINE INFORMATIONEN\u201c dieser rechtlichen Hinweise und Allgemeinen Nutzungsbedingungen benachrichtigen.<\/p>\t\t\t\t\t\t\t\t<\/div>\n\t\t\t\t<div class=\"elementor-element elementor-element-416257a elementor-widget elementor-widget-text-editor\" data-id=\"416257a\" data-element_type=\"widget\" data-e-type=\"widget\" data-widget_type=\"text-editor.default\">\n\t\t\t\t\t\t\t\t\t<p>VI. RECHTSMASSNAHMEN, ANWENDBARES RECHT UND GERICHTSSTAND<\/p>\t\t\t\t\t\t\t\t<\/div>\n\t\t\t\t<div class=\"elementor-element elementor-element-201ab21 elementor-widget elementor-widget-text-editor\" data-id=\"201ab21\" data-element_type=\"widget\" data-e-type=\"widget\" data-widget_type=\"text-editor.default\">\n\t\t\t\t\t\t\t\t\t<p>TANJA ROSENKRANZ beh\u00e4lt sich das Recht vor, bei unsachgem\u00e4\u00dfer Nutzung der Website und der Inhalte oder bei Nichteinhaltung dieser Allgemeinen Gesch\u00e4ftsbedingungen alle zivil- oder strafrechtlichen Schritte einzuleiten, die sie f\u00fcr notwendig erachtet.<\/p><p>Die Beziehung zwischen dem Benutzer und TANJA ROSENKRANZ unterliegt den geltenden und anwendbaren Bestimmungen auf spanischem Gebiet. Sollten Streitigkeiten im Zusammenhang mit der Auslegung und\/oder Anwendung dieser Bedingungen entstehen, unterwerfen sich die Parteien der ordentlichen Gerichtsbarkeit und den Richtern und Gerichten, die ihnen gesetzlich zustehen.<\/p><p>Dieses Dokument mit rechtlichen Hinweisen und allgemeinen Nutzungsbedingungen f\u00fcr die Website wurde am 16. Juli 2021 mithilfe des Online-Vorlagengenerators f\u00fcr rechtliche Hinweise und Nutzungsbedingungen erstellt.<\/p>\t\t\t\t\t\t\t\t<\/div>\n\t\t\t\t\t<\/div>\n\t\t\t\t<\/div>\n\t\t\t\t<\/div>","protected":false},"excerpt":{"rendered":"<p>Aviso legal y condiciones generales de uso. I. INFORMACI\u00d3N GENERAL En cumplimiento con el deber de informaci\u00f3n dispuesto en la Ley 34\/2002 de Servicios de la Sociedad de la Informaci\u00f3n y el Comercio Electr\u00f3nico (LSSI-CE) de 11 de julio, se facilitan a continuaci\u00f3n los siguientes datos de informaci\u00f3n general de este sitio web: La titularidad [&hellip;]<\/p>\n","protected":false},"author":57,"featured_media":0,"parent":0,"menu_order":0,"comment_status":"closed","ping_status":"closed","template":"","meta":{"footnotes":""},"class_list":["post-28369","page","type-page","status-publish","hentry"],"yoast_head":"<!-- This site is optimized with the Yoast SEO plugin v27.4 - https:\/\/yoast.com\/product\/yoast-seo-wordpress\/ -->\n<title>Aviso legal - Free your Mind - Kitesurfing school - MICE events<\/title>\n<meta name=\"robots\" content=\"noindex, nofollow\" \/>\n<meta property=\"og:locale\" content=\"de_DE\" \/>\n<meta property=\"og:type\" content=\"article\" \/>\n<meta property=\"og:title\" content=\"Aviso legal - Free your Mind - Kitesurfing school - MICE events\" \/>\n<meta property=\"og:description\" content=\"Aviso legal y condiciones generales de uso. I. INFORMACI\u00d3N GENERAL En cumplimiento con el deber de informaci\u00f3n dispuesto en la Ley 34\/2002 de Servicios de la Sociedad de la Informaci\u00f3n y el Comercio Electr\u00f3nico (LSSI-CE) de 11 de julio, se facilitan a continuaci\u00f3n los siguientes datos de informaci\u00f3n general de este sitio web: La titularidad [&hellip;]\" \/>\n<meta property=\"og:url\" content=\"https:\/\/freeyourmindexperience.com\/de\/impressum-2\/\" \/>\n<meta property=\"og:site_name\" content=\"Free your Mind - Kitesurfing school - MICE events\" \/>\n<meta property=\"article:modified_time\" content=\"2025-07-10T10:06:37+00:00\" \/>\n<meta name=\"twitter:card\" content=\"summary_large_image\" \/>\n<meta name=\"twitter:label1\" content=\"Gesch\u00e4tzte Lesezeit\" \/>\n\t<meta name=\"twitter:data1\" content=\"6\u00a0Minuten\" \/>\n<script type=\"application\/ld+json\" class=\"yoast-schema-graph\">{\"@context\":\"https:\\\/\\\/schema.org\",\"@graph\":[{\"@type\":\"WebPage\",\"@id\":\"https:\\\/\\\/freeyourmindexperience.com\\\/aviso-legal\\\/\",\"url\":\"https:\\\/\\\/freeyourmindexperience.com\\\/aviso-legal\\\/\",\"name\":\"Aviso legal - Free your Mind - Kitesurfing school - MICE events\",\"isPartOf\":{\"@id\":\"https:\\\/\\\/freeyourmindexperience.com\\\/#website\"},\"datePublished\":\"2025-04-03T11:44:11+00:00\",\"dateModified\":\"2025-07-10T10:06:37+00:00\",\"breadcrumb\":{\"@id\":\"https:\\\/\\\/freeyourmindexperience.com\\\/aviso-legal\\\/#breadcrumb\"},\"inLanguage\":\"de\",\"potentialAction\":[{\"@type\":\"ReadAction\",\"target\":[\"https:\\\/\\\/freeyourmindexperience.com\\\/aviso-legal\\\/\"]}]},{\"@type\":\"BreadcrumbList\",\"@id\":\"https:\\\/\\\/freeyourmindexperience.com\\\/aviso-legal\\\/#breadcrumb\",\"itemListElement\":[{\"@type\":\"ListItem\",\"position\":1,\"name\":\"Home\",\"item\":\"https:\\\/\\\/freeyourmindexperience.com\\\/en\\\/\"},{\"@type\":\"ListItem\",\"position\":2,\"name\":\"Aviso legal\"}]},{\"@type\":\"WebSite\",\"@id\":\"https:\\\/\\\/freeyourmindexperience.com\\\/#website\",\"url\":\"https:\\\/\\\/freeyourmindexperience.com\\\/\",\"name\":\"Free your Mind - Kitesurfing school - MICE events\",\"description\":\"kitesurf surf mice kitesurf school\",\"publisher\":{\"@id\":\"https:\\\/\\\/freeyourmindexperience.com\\\/#organization\"},\"potentialAction\":[{\"@type\":\"SearchAction\",\"target\":{\"@type\":\"EntryPoint\",\"urlTemplate\":\"https:\\\/\\\/freeyourmindexperience.com\\\/?s={search_term_string}\"},\"query-input\":{\"@type\":\"PropertyValueSpecification\",\"valueRequired\":true,\"valueName\":\"search_term_string\"}}],\"inLanguage\":\"de\"},{\"@type\":\"Organization\",\"@id\":\"https:\\\/\\\/freeyourmindexperience.com\\\/#organization\",\"name\":\"Free your Mind\",\"url\":\"https:\\\/\\\/freeyourmindexperience.com\\\/\",\"logo\":{\"@type\":\"ImageObject\",\"inLanguage\":\"de\",\"@id\":\"https:\\\/\\\/freeyourmindexperience.com\\\/#\\\/schema\\\/logo\\\/image\\\/\",\"url\":\"https:\\\/\\\/freeyourmindexperience.com\\\/wp-content\\\/uploads\\\/Logo_FyM_Tarifa_no_URLgood-1.png\",\"contentUrl\":\"https:\\\/\\\/freeyourmindexperience.com\\\/wp-content\\\/uploads\\\/Logo_FyM_Tarifa_no_URLgood-1.png\",\"width\":512,\"height\":512,\"caption\":\"Free your Mind\"},\"image\":{\"@id\":\"https:\\\/\\\/freeyourmindexperience.com\\\/#\\\/schema\\\/logo\\\/image\\\/\"}}]}<\/script>\n<!-- \/ Yoast SEO plugin. -->","yoast_head_json":{"title":"Rechtliche Hinweise - Free your Mind - Kitesurfing Schule - MICE Veranstaltungen","robots":{"index":"noindex","follow":"nofollow"},"og_locale":"de_DE","og_type":"article","og_title":"Aviso legal - Free your Mind - Kitesurfing school - MICE events","og_description":"Aviso legal y condiciones generales de uso. I. INFORMACI\u00d3N GENERAL En cumplimiento con el deber de informaci\u00f3n dispuesto en la Ley 34\/2002 de Servicios de la Sociedad de la Informaci\u00f3n y el Comercio Electr\u00f3nico (LSSI-CE) de 11 de julio, se facilitan a continuaci\u00f3n los siguientes datos de informaci\u00f3n general de este sitio web: La titularidad [&hellip;]","og_url":"https:\/\/freeyourmindexperience.com\/de\/impressum-2\/","og_site_name":"Free your Mind - Kitesurfing school - MICE events","article_modified_time":"2025-07-10T10:06:37+00:00","twitter_card":"summary_large_image","twitter_misc":{"Gesch\u00e4tzte Lesezeit":"6\u00a0Minuten"},"schema":{"@context":"https:\/\/schema.org","@graph":[{"@type":"WebPage","@id":"https:\/\/freeyourmindexperience.com\/aviso-legal\/","url":"https:\/\/freeyourmindexperience.com\/aviso-legal\/","name":"Rechtliche Hinweise - Free your Mind - Kitesurfing Schule - MICE Veranstaltungen","isPartOf":{"@id":"https:\/\/freeyourmindexperience.com\/#website"},"datePublished":"2025-04-03T11:44:11+00:00","dateModified":"2025-07-10T10:06:37+00:00","breadcrumb":{"@id":"https:\/\/freeyourmindexperience.com\/aviso-legal\/#breadcrumb"},"inLanguage":"de","potentialAction":[{"@type":"ReadAction","target":["https:\/\/freeyourmindexperience.com\/aviso-legal\/"]}]},{"@type":"BreadcrumbList","@id":"https:\/\/freeyourmindexperience.com\/aviso-legal\/#breadcrumb","itemListElement":[{"@type":"ListItem","position":1,"name":"Home","item":"https:\/\/freeyourmindexperience.com\/en\/"},{"@type":"ListItem","position":2,"name":"Aviso legal"}]},{"@type":"WebSite","@id":"https:\/\/freeyourmindexperience.com\/#website","url":"https:\/\/freeyourmindexperience.com\/","name":"Free your Mind - Kitesurfing Schule - MICE Veranstaltungen","description":"kitesurf surf m\u00e4use kitesurf schule","publisher":{"@id":"https:\/\/freeyourmindexperience.com\/#organization"},"potentialAction":[{"@type":"SearchAction","target":{"@type":"EntryPoint","urlTemplate":"https:\/\/freeyourmindexperience.com\/?s={search_term_string}"},"query-input":{"@type":"PropertyValueSpecification","valueRequired":true,"valueName":"search_term_string"}}],"inLanguage":"de"},{"@type":"Organization","@id":"https:\/\/freeyourmindexperience.com\/#organization","name":"Free Your Mind","url":"https:\/\/freeyourmindexperience.com\/","logo":{"@type":"ImageObject","inLanguage":"de","@id":"https:\/\/freeyourmindexperience.com\/#\/schema\/logo\/image\/","url":"https:\/\/freeyourmindexperience.com\/wp-content\/uploads\/Logo_FyM_Tarifa_no_URLgood-1.png","contentUrl":"https:\/\/freeyourmindexperience.com\/wp-content\/uploads\/Logo_FyM_Tarifa_no_URLgood-1.png","width":512,"height":512,"caption":"Free your Mind"},"image":{"@id":"https:\/\/freeyourmindexperience.com\/#\/schema\/logo\/image\/"}}]}},"_links":{"self":[{"href":"https:\/\/freeyourmindexperience.com\/de\/wp-json\/wp\/v2\/pages\/28369","targetHints":{"allow":["GET"]}}],"collection":[{"href":"https:\/\/freeyourmindexperience.com\/de\/wp-json\/wp\/v2\/pages"}],"about":[{"href":"https:\/\/freeyourmindexperience.com\/de\/wp-json\/wp\/v2\/types\/page"}],"author":[{"embeddable":true,"href":"https:\/\/freeyourmindexperience.com\/de\/wp-json\/wp\/v2\/users\/57"}],"replies":[{"embeddable":true,"href":"https:\/\/freeyourmindexperience.com\/de\/wp-json\/wp\/v2\/comments?post=28369"}],"version-history":[{"count":2,"href":"https:\/\/freeyourmindexperience.com\/de\/wp-json\/wp\/v2\/pages\/28369\/revisions"}],"predecessor-version":[{"id":28635,"href":"https:\/\/freeyourmindexperience.com\/de\/wp-json\/wp\/v2\/pages\/28369\/revisions\/28635"}],"wp:attachment":[{"href":"https:\/\/freeyourmindexperience.com\/de\/wp-json\/wp\/v2\/media?parent=28369"}],"curies":[{"name":"wp","href":"https:\/\/api.w.org\/{rel}","templated":true}]}}