{"id":28364,"date":"2025-04-03T13:42:28","date_gmt":"2025-04-03T11:42:28","guid":{"rendered":"https:\/\/freeyourmindexperience.com\/defiant\/?page_id=28364"},"modified":"2025-07-10T12:06:31","modified_gmt":"2025-07-10T10:06:31","slug":"zuganglichkeit","status":"publish","type":"page","link":"https:\/\/freeyourmindexperience.com\/de\/accesibilidad\/","title":{"rendered":"Erreichbarkeit"},"content":{"rendered":"<div data-elementor-type=\"wp-page\" data-elementor-id=\"28364\" class=\"elementor elementor-28364\" data-elementor-post-type=\"page\">\n\t\t\t\t<div class=\"elementor-element elementor-element-1152977 e-flex e-con-boxed e-con e-parent\" data-id=\"1152977\" data-element_type=\"container\" data-e-type=\"container\">\n\t\t\t\t\t<div class=\"e-con-inner\">\n\t\t\t\t<div class=\"elementor-element elementor-element-17a746a elementor-widget elementor-widget-heading\" data-id=\"17a746a\" data-element_type=\"widget\" data-e-type=\"widget\" data-widget_type=\"heading.default\">\n\t\t\t\t\t<h2 class=\"elementor-heading-title elementor-size-default\">Erreichbarkeit<\/h2>\t\t\t\t<\/div>\n\t\t\t\t<div class=\"elementor-element elementor-element-2cb3805 elementor-widget elementor-widget-text-editor\" data-id=\"2cb3805\" data-element_type=\"widget\" data-e-type=\"widget\" data-widget_type=\"text-editor.default\">\n\t\t\t\t\t\t\t\t\t<p>ENGAGEMENT F\u00dcR BARRIEREFREIHEIT<\/p>\t\t\t\t\t\t\t\t<\/div>\n\t\t\t\t<div class=\"elementor-element elementor-element-0fc3d86 elementor-widget elementor-widget-text-editor\" data-id=\"0fc3d86\" data-element_type=\"widget\" data-e-type=\"widget\" data-widget_type=\"text-editor.default\">\n\t\t\t\t\t\t\t\t\t<p>FREE YOUR MIND verpflichtet sich, seine Website gem\u00e4\u00df dem K\u00f6niglichen Erlass 1112\/2018 vom 7. September \u00fcber die Zug\u00e4nglichkeit von Websites und Anwendungen f\u00fcr mobile Ger\u00e4te zug\u00e4nglich zu machen.<br \/>Diese Erkl\u00e4rung zur Zug\u00e4nglichkeit gilt f\u00fcr die Website https:\/\/www.freeyourmindexperience.com\/.<br \/>Diese Website entspricht vollst\u00e4ndig der RD 1112\/2018.<br \/>Es erf\u00fcllt die folgenden Anforderungen:<\/p><ul><li>Die Website ist f\u00fcr ihre Nutzer, insbesondere f\u00fcr \u00e4ltere Menschen und Menschen mit Behinderungen, zug\u00e4nglich, so dass die Inhalte wahrnehmbar, bedienbar, verst\u00e4ndlich und robust sind, wobei die Bestimmungen von Artikel 6 ber\u00fccksichtigt werden.<\/li><li>Die Zug\u00e4nglichkeit wurde bei der Gestaltung, Verwaltung, Pflege und Aktualisierung der Inhalte der Website umfassend ber\u00fccksichtigt.<\/li><li>Die Website hat Schritte unternommen, um die Zug\u00e4nglichkeit im Hinblick auf das Mindestma\u00df an Zug\u00e4nglichkeit zu verbessern, das zu jeder Zeit erf\u00fcllt sein muss.<\/li><\/ul><div>\u00a0<\/div>\t\t\t\t\t\t\t\t<\/div>\n\t\t\t\t<div class=\"elementor-element elementor-element-4d9382d elementor-widget elementor-widget-text-editor\" data-id=\"4d9382d\" data-element_type=\"widget\" data-e-type=\"widget\" data-widget_type=\"text-editor.default\">\n\t\t\t\t\t\t\t\t\t<p>NICHTBEACHTUNG DER RD 1112\/2018<\/p>\t\t\t\t\t\t\t\t<\/div>\n\t\t\t\t<div class=\"elementor-element elementor-element-6a98605 elementor-widget elementor-widget-text-editor\" data-id=\"6a98605\" data-element_type=\"widget\" data-e-type=\"widget\" data-widget_type=\"text-editor.default\">\n\t\t\t\t\t\t\t\t\t<p>FREE YOUR MIND steht im Einklang mit der RD 1112\/2018.<\/p>\t\t\t\t\t\t\t\t<\/div>\n\t\t\t\t<div class=\"elementor-element elementor-element-8878a95 elementor-widget elementor-widget-text-editor\" data-id=\"8878a95\" data-element_type=\"widget\" data-e-type=\"widget\" data-widget_type=\"text-editor.default\">\n\t\t\t\t\t\t\t\t\t<p>UNVERH\u00c4LTNISM\u00c4SSIGE BELASTUNG<\/p>\t\t\t\t\t\t\t\t<\/div>\n\t\t\t\t<div class=\"elementor-element elementor-element-36a379a elementor-widget elementor-widget-text-editor\" data-id=\"36a379a\" data-element_type=\"widget\" data-e-type=\"widget\" data-widget_type=\"text-editor.default\">\n\t\t\t\t\t\t\t\t\t<p>Es wird davon ausgegangen, dass keine unverh\u00e4ltnism\u00e4\u00dfige Belastung vorliegt.<br \/>Um zu beurteilen, inwieweit die Einhaltung der Zug\u00e4nglichkeitsanforderungen dieses k\u00f6niglichen Erlasses eine unverh\u00e4ltnism\u00e4\u00dfige Belastung darstellt, haben wir die folgenden Umst\u00e4nde in Betracht gezogen:<\/p><p style=\"padding-left: 40px;\">a) Gr\u00f6\u00dfe, Ressourcen und Art des jeweiligen beaufsichtigten Unternehmens.<br \/>(b) die gesch\u00e4tzten Kosten und den gesch\u00e4tzten Nutzen f\u00fcr sie im Verh\u00e4ltnis zum gesch\u00e4tzten Nutzen f\u00fcr Menschen mit Behinderungen und \u00e4ltere Menschen, wobei insbesondere die H\u00e4ufigkeit und Dauer der Nutzung der Website oder der mobilen Anwendung ber\u00fccksichtigt wird.<\/p>\t\t\t\t\t\t\t\t<\/div>\n\t\t\t\t<div class=\"elementor-element elementor-element-f2be5c9 elementor-widget elementor-widget-text-editor\" data-id=\"f2be5c9\" data-element_type=\"widget\" data-e-type=\"widget\" data-widget_type=\"text-editor.default\">\n\t\t\t\t\t\t\t\t\t<p>DER INHALT F\u00c4LLT NICHT IN DEN GELTUNGSBEREICH DER GELTENDEN RECHTSVORSCHRIFTEN<\/p>\t\t\t\t\t\t\t\t<\/div>\n\t\t\t\t<div class=\"elementor-element elementor-element-b90cdef elementor-widget elementor-widget-text-editor\" data-id=\"b90cdef\" data-element_type=\"widget\" data-e-type=\"widget\" data-widget_type=\"text-editor.default\">\n\t\t\t\t\t\t\t\t\t<p>k.A.<\/p>\t\t\t\t\t\t\t\t<\/div>\n\t\t\t\t<div class=\"elementor-element elementor-element-aab2d3c elementor-widget elementor-widget-text-editor\" data-id=\"aab2d3c\" data-element_type=\"widget\" data-e-type=\"widget\" data-widget_type=\"text-editor.default\">\n\t\t\t\t\t\t\t\t\t<p>VORBEREITUNG DER N\u00c4CHSTEN ZUG\u00c4NGLICHKEITSERKL\u00c4RUNG<\/p>\t\t\t\t\t\t\t\t<\/div>\n\t\t\t\t<div class=\"elementor-element elementor-element-2f34407 elementor-widget elementor-widget-text-editor\" data-id=\"2f34407\" data-element_type=\"widget\" data-e-type=\"widget\" data-widget_type=\"text-editor.default\">\n\t\t\t\t\t\t\t\t\t<p>Diese Erkl\u00e4rung wurde am 24. Januar 2024 erstellt.<br \/>Die Methode zur Erstellung der Erkl\u00e4rung war eine Selbstbewertung, die von der Agentur selbst durchgef\u00fchrt wurde.<\/p>\t\t\t\t\t\t\t\t<\/div>\n\t\t\t\t<div class=\"elementor-element elementor-element-3c46f57 elementor-widget elementor-widget-text-editor\" data-id=\"3c46f57\" data-element_type=\"widget\" data-e-type=\"widget\" data-widget_type=\"text-editor.default\">\n\t\t\t\t\t\t\t\t\t<p>BEMERKUNGEN UND KONTAKTANGABEN<\/p>\t\t\t\t\t\t\t\t<\/div>\n\t\t\t\t<div class=\"elementor-element elementor-element-db176d9 elementor-widget elementor-widget-text-editor\" data-id=\"db176d9\" data-element_type=\"widget\" data-e-type=\"widget\" data-widget_type=\"text-editor.default\">\n\t\t\t\t\t\t\t\t\t<ul><li>Sie k\u00f6nnen Mitteilungen \u00fcber die Anforderungen an die Zug\u00e4nglichkeit (Artikel 10.2.a der RD 1112\/2018) machen, wie zum Beispiel: Melden Sie eine m\u00f6gliche Nichteinhaltung seitens dieser Website, kommunizieren Sie andere Schwierigkeiten beim Zugriff auf den Inhalt, machen Sie eine andere Anfrage oder einen Verbesserungsvorschlag bez\u00fcglich der Zug\u00e4nglichkeit der Website per E-Mail an info@freeyourmindexperience.com.<\/li><li>Sie k\u00f6nnen eine Beschwerde \u00fcber die Einhaltung der Anforderungen des RD 1112\/2018 oder einen Antrag auf zug\u00e4ngliche Informationen einreichen:<br \/>Inhalte, die gem\u00e4\u00df Artikel 3 Absatz 4 vom Anwendungsbereich der RD 1112\/2018 ausgeschlossen sind.<br \/>Inhalte, die von den Zug\u00e4nglichkeitsanforderungen ausgenommen sind, weil sie eine unverh\u00e4ltnism\u00e4\u00dfige Belastung darstellen.<\/li><\/ul><div>\u00a0<\/div><p>In dem Antrag auf Zugang zu Informationen m\u00fcssen der Sachverhalt, die Gr\u00fcnde und der Antrag klar dargelegt werden, um nachzuweisen, dass der Antrag angemessen und rechtm\u00e4\u00dfig ist.<\/p><p>Beschwerden und Reklamationen \u00fcber zug\u00e4ngliche Informationen sind per E-Mail an info@freeyourmindexperience.com zu richten und werden von FREE YOUR MIND entgegengenommen und bearbeitet.<\/p>\t\t\t\t\t\t\t\t<\/div>\n\t\t\t\t\t<\/div>\n\t\t\t\t<\/div>\n\t\t\t\t<\/div>","protected":false},"excerpt":{"rendered":"<p>Accesibilidad COMPROMISO DE ACCESIBILIDAD FREE YOUR MIND se ha comprometido a hacer accesible su sitio web, de conformidad con el Real Decreto 1112\/2018, de 7 de septiembre, sobre accesibilidad de los sitios web y aplicaciones para dispositivos m\u00f3viles.La presente declaraci\u00f3n de accesibilidad se aplica al sitio web https:\/\/www.freeyourmindexperience.com\/Este sitio web es plenamente conforme con RD [&hellip;]<\/p>\n","protected":false},"author":57,"featured_media":0,"parent":0,"menu_order":0,"comment_status":"closed","ping_status":"closed","template":"","meta":{"footnotes":""},"class_list":["post-28364","page","type-page","status-publish","hentry"],"yoast_head":"<!-- This site is optimized with the Yoast SEO plugin v27.4 - https:\/\/yoast.com\/product\/yoast-seo-wordpress\/ -->\n<title>Accesibilidad - Free your Mind - Kitesurfing school - MICE events<\/title>\n<meta name=\"robots\" content=\"noindex, nofollow\" \/>\n<meta property=\"og:locale\" content=\"de_DE\" \/>\n<meta property=\"og:type\" content=\"article\" \/>\n<meta property=\"og:title\" content=\"Accesibilidad - Free your Mind - Kitesurfing school - MICE events\" \/>\n<meta property=\"og:description\" content=\"Accesibilidad COMPROMISO DE ACCESIBILIDAD FREE YOUR MIND se ha comprometido a hacer accesible su sitio web, de conformidad con el Real Decreto 1112\/2018, de 7 de septiembre, sobre accesibilidad de los sitios web y aplicaciones para dispositivos m\u00f3viles.La presente declaraci\u00f3n de accesibilidad se aplica al sitio web https:\/\/www.freeyourmindexperience.com\/Este sitio web es plenamente conforme con RD [&hellip;]\" \/>\n<meta property=\"og:url\" content=\"https:\/\/freeyourmindexperience.com\/de\/zuganglichkeit\/\" \/>\n<meta property=\"og:site_name\" content=\"Free your Mind - Kitesurfing school - MICE events\" \/>\n<meta property=\"article:modified_time\" content=\"2025-07-10T10:06:31+00:00\" \/>\n<meta name=\"twitter:card\" content=\"summary_large_image\" \/>\n<meta name=\"twitter:label1\" content=\"Gesch\u00e4tzte Lesezeit\" \/>\n\t<meta name=\"twitter:data1\" content=\"3\u00a0Minuten\" \/>\n<script type=\"application\/ld+json\" class=\"yoast-schema-graph\">{\"@context\":\"https:\\\/\\\/schema.org\",\"@graph\":[{\"@type\":\"WebPage\",\"@id\":\"https:\\\/\\\/freeyourmindexperience.com\\\/accesibilidad\\\/\",\"url\":\"https:\\\/\\\/freeyourmindexperience.com\\\/accesibilidad\\\/\",\"name\":\"Accesibilidad - Free your Mind - Kitesurfing school - MICE events\",\"isPartOf\":{\"@id\":\"https:\\\/\\\/freeyourmindexperience.com\\\/#website\"},\"datePublished\":\"2025-04-03T11:42:28+00:00\",\"dateModified\":\"2025-07-10T10:06:31+00:00\",\"breadcrumb\":{\"@id\":\"https:\\\/\\\/freeyourmindexperience.com\\\/accesibilidad\\\/#breadcrumb\"},\"inLanguage\":\"de\",\"potentialAction\":[{\"@type\":\"ReadAction\",\"target\":[\"https:\\\/\\\/freeyourmindexperience.com\\\/accesibilidad\\\/\"]}]},{\"@type\":\"BreadcrumbList\",\"@id\":\"https:\\\/\\\/freeyourmindexperience.com\\\/accesibilidad\\\/#breadcrumb\",\"itemListElement\":[{\"@type\":\"ListItem\",\"position\":1,\"name\":\"Home\",\"item\":\"https:\\\/\\\/freeyourmindexperience.com\\\/en\\\/\"},{\"@type\":\"ListItem\",\"position\":2,\"name\":\"Accesibilidad\"}]},{\"@type\":\"WebSite\",\"@id\":\"https:\\\/\\\/freeyourmindexperience.com\\\/#website\",\"url\":\"https:\\\/\\\/freeyourmindexperience.com\\\/\",\"name\":\"Free your Mind - Kitesurfing school - MICE events\",\"description\":\"kitesurf surf mice kitesurf school\",\"publisher\":{\"@id\":\"https:\\\/\\\/freeyourmindexperience.com\\\/#organization\"},\"potentialAction\":[{\"@type\":\"SearchAction\",\"target\":{\"@type\":\"EntryPoint\",\"urlTemplate\":\"https:\\\/\\\/freeyourmindexperience.com\\\/?s={search_term_string}\"},\"query-input\":{\"@type\":\"PropertyValueSpecification\",\"valueRequired\":true,\"valueName\":\"search_term_string\"}}],\"inLanguage\":\"de\"},{\"@type\":\"Organization\",\"@id\":\"https:\\\/\\\/freeyourmindexperience.com\\\/#organization\",\"name\":\"Free your Mind\",\"url\":\"https:\\\/\\\/freeyourmindexperience.com\\\/\",\"logo\":{\"@type\":\"ImageObject\",\"inLanguage\":\"de\",\"@id\":\"https:\\\/\\\/freeyourmindexperience.com\\\/#\\\/schema\\\/logo\\\/image\\\/\",\"url\":\"https:\\\/\\\/freeyourmindexperience.com\\\/wp-content\\\/uploads\\\/Logo_FyM_Tarifa_no_URLgood-1.png\",\"contentUrl\":\"https:\\\/\\\/freeyourmindexperience.com\\\/wp-content\\\/uploads\\\/Logo_FyM_Tarifa_no_URLgood-1.png\",\"width\":512,\"height\":512,\"caption\":\"Free your Mind\"},\"image\":{\"@id\":\"https:\\\/\\\/freeyourmindexperience.com\\\/#\\\/schema\\\/logo\\\/image\\\/\"}}]}<\/script>\n<!-- \/ Yoast SEO plugin. -->","yoast_head_json":{"title":"Zug\u00e4nglichkeit - Free your Mind - Kitesurfing Schule - MICE Veranstaltungen","robots":{"index":"noindex","follow":"nofollow"},"og_locale":"de_DE","og_type":"article","og_title":"Accesibilidad - Free your Mind - Kitesurfing school - MICE events","og_description":"Accesibilidad COMPROMISO DE ACCESIBILIDAD FREE YOUR MIND se ha comprometido a hacer accesible su sitio web, de conformidad con el Real Decreto 1112\/2018, de 7 de septiembre, sobre accesibilidad de los sitios web y aplicaciones para dispositivos m\u00f3viles.La presente declaraci\u00f3n de accesibilidad se aplica al sitio web https:\/\/www.freeyourmindexperience.com\/Este sitio web es plenamente conforme con RD [&hellip;]","og_url":"https:\/\/freeyourmindexperience.com\/de\/zuganglichkeit\/","og_site_name":"Free your Mind - Kitesurfing school - MICE events","article_modified_time":"2025-07-10T10:06:31+00:00","twitter_card":"summary_large_image","twitter_misc":{"Gesch\u00e4tzte Lesezeit":"3\u00a0Minuten"},"schema":{"@context":"https:\/\/schema.org","@graph":[{"@type":"WebPage","@id":"https:\/\/freeyourmindexperience.com\/accesibilidad\/","url":"https:\/\/freeyourmindexperience.com\/accesibilidad\/","name":"Zug\u00e4nglichkeit - Free your Mind - Kitesurfing Schule - MICE Veranstaltungen","isPartOf":{"@id":"https:\/\/freeyourmindexperience.com\/#website"},"datePublished":"2025-04-03T11:42:28+00:00","dateModified":"2025-07-10T10:06:31+00:00","breadcrumb":{"@id":"https:\/\/freeyourmindexperience.com\/accesibilidad\/#breadcrumb"},"inLanguage":"de","potentialAction":[{"@type":"ReadAction","target":["https:\/\/freeyourmindexperience.com\/accesibilidad\/"]}]},{"@type":"BreadcrumbList","@id":"https:\/\/freeyourmindexperience.com\/accesibilidad\/#breadcrumb","itemListElement":[{"@type":"ListItem","position":1,"name":"Home","item":"https:\/\/freeyourmindexperience.com\/en\/"},{"@type":"ListItem","position":2,"name":"Accesibilidad"}]},{"@type":"WebSite","@id":"https:\/\/freeyourmindexperience.com\/#website","url":"https:\/\/freeyourmindexperience.com\/","name":"Free your Mind - Kitesurfing Schule - MICE Veranstaltungen","description":"kitesurf surf m\u00e4use kitesurf schule","publisher":{"@id":"https:\/\/freeyourmindexperience.com\/#organization"},"potentialAction":[{"@type":"SearchAction","target":{"@type":"EntryPoint","urlTemplate":"https:\/\/freeyourmindexperience.com\/?s={search_term_string}"},"query-input":{"@type":"PropertyValueSpecification","valueRequired":true,"valueName":"search_term_string"}}],"inLanguage":"de"},{"@type":"Organization","@id":"https:\/\/freeyourmindexperience.com\/#organization","name":"Free Your Mind","url":"https:\/\/freeyourmindexperience.com\/","logo":{"@type":"ImageObject","inLanguage":"de","@id":"https:\/\/freeyourmindexperience.com\/#\/schema\/logo\/image\/","url":"https:\/\/freeyourmindexperience.com\/wp-content\/uploads\/Logo_FyM_Tarifa_no_URLgood-1.png","contentUrl":"https:\/\/freeyourmindexperience.com\/wp-content\/uploads\/Logo_FyM_Tarifa_no_URLgood-1.png","width":512,"height":512,"caption":"Free your Mind"},"image":{"@id":"https:\/\/freeyourmindexperience.com\/#\/schema\/logo\/image\/"}}]}},"_links":{"self":[{"href":"https:\/\/freeyourmindexperience.com\/de\/wp-json\/wp\/v2\/pages\/28364","targetHints":{"allow":["GET"]}}],"collection":[{"href":"https:\/\/freeyourmindexperience.com\/de\/wp-json\/wp\/v2\/pages"}],"about":[{"href":"https:\/\/freeyourmindexperience.com\/de\/wp-json\/wp\/v2\/types\/page"}],"author":[{"embeddable":true,"href":"https:\/\/freeyourmindexperience.com\/de\/wp-json\/wp\/v2\/users\/57"}],"replies":[{"embeddable":true,"href":"https:\/\/freeyourmindexperience.com\/de\/wp-json\/wp\/v2\/comments?post=28364"}],"version-history":[{"count":3,"href":"https:\/\/freeyourmindexperience.com\/de\/wp-json\/wp\/v2\/pages\/28364\/revisions"}],"predecessor-version":[{"id":29734,"href":"https:\/\/freeyourmindexperience.com\/de\/wp-json\/wp\/v2\/pages\/28364\/revisions\/29734"}],"wp:attachment":[{"href":"https:\/\/freeyourmindexperience.com\/de\/wp-json\/wp\/v2\/media?parent=28364"}],"curies":[{"name":"wp","href":"https:\/\/api.w.org\/{rel}","templated":true}]}}